{"id":437,"date":"2026-04-11T12:10:38","date_gmt":"2026-04-11T10:10:38","guid":{"rendered":"https:\/\/www.kuego.pl\/?page_id=437"},"modified":"2026-04-11T12:26:30","modified_gmt":"2026-04-11T10:26:30","slug":"zespol","status":"publish","type":"page","link":"https:\/\/www.kuego.pl\/?page_id=437","title":{"rendered":"Specjali\u015bci Ku Ego"},"content":{"rendered":"\n<p><strong>Ilona \u0141ukasik<\/strong>&nbsp;\u2013 psycholog, psychoterapeuta&nbsp;<br \/><br \/>W 2008r. uko\u0144czy\u0142am Psychologi\u0119 na Uniwersytecie Marii Curie-Sk\u0142odowskiej w Lublinie (specjalno\u015b\u0107 kliniczna) oraz Studium Socjoterapii i Treningu Interpersonalnego przy Krakowskim Centrum Psychodynamicznym,&nbsp;rekomendowanym przez Polskie Towarzystwo Psychologiczne (PTP) oraz Polskie Towarzystwo Psychoterapii Psychodynamicznej (PTPPd).<\/p>\n\n\n\n<p>Od tego czasu wsp\u00f3\u0142pracowa\u0142am z licznymi organizacjami i instytucjami jako psycholog, socjoterapeuta, trener kompetencji mi\u0119kkich oraz wyk\u0142adowca (Pomorska Szko\u0142a Psychologii na Kierunku Psychologia Rozwoju Osobistego). Pe\u0142ni\u0142am role&nbsp;odpowiedzialne za rozw\u00f3j kompetencji psychologicznych pracownik\u00f3w firm, instytucji, organizacji pozarz\u0105dowych oraz odbiorc\u00f3w ich dzia\u0142a\u0144.&nbsp;<\/p>\n\n\n\n<p>Dotychczas uko\u0144czy\u0142am trzeci rok 4-letniej Szko\u0142y Psychoterapii Psychodynamicznej Krakowskiego Centrum Psychodynamicznego. Do\u015bwiadczenie zawodowe w pracy z pacjentami zdobywa\u0142am i doskonali\u0142am w ramach prywatnej praktyki, poddaj\u0105c swoj\u0105 prac\u0119 superwizji, a tak\u017ce podczas sta\u017cu klinicznego&nbsp;w SPS ZOZ \u201eZdroje\u201d w Szczecinie na I Oddziale Dziennym Leczenia Nerwic oraz na II Oddziale Dziennym Psychiatrycznym Rehabilitacyjnym.&nbsp;<\/p>\n\n\n\n<p>Jako psychoterapeuta pracuj\u0119&nbsp;z osobami doros\u0142ymi w oparciu o nurt psychoterapii psychodynamicznej&nbsp;skoncentrowanej na przeniesieniu (TFP &#8211; Transference-Focused Psychotherapy), kt\u00f3rej istot\u0105 jest relacja tworz\u0105ca si\u0119 mi\u0119dzy pacjentem a terapeut\u0105.&nbsp;<\/p>\n\n\n\n<p>Zajmuj\u0119 si\u0119&nbsp;m.in. leczeniem zaburze\u0144 osobowo\u015bci, zaburze\u0144 l\u0119kowych (np. napady paniki, stany l\u0119kowe),<strong>&nbsp;<\/strong>depresji, stan\u00f3w napi\u0119cia emocjonalnego,&nbsp;dolegliwo\u015bci psychosomatycznych (np. b\u00f3le w klatce piersiowej, migreny),<strong>&nbsp;<\/strong>szeroko poj\u0119t\u0105 problematyk\u0105 osobist\u0105 wymagaj\u0105c\u0105 pracy terapeutycznej (trudno\u015bci w&nbsp;relacjach interpersonalnych lub partnerskich,<strong>&nbsp;<\/strong>brak satysfakcji z&nbsp;\u017cycia,<strong>&nbsp;<\/strong>niskie poczucie w\u0142asnej warto\u015bci,<strong>&nbsp;<\/strong>trudno\u015bci w&nbsp;utrzymaniu, stabilnych satysfakcjonuj\u0105cych relacji z&nbsp;innymi itd.)<\/p>\n\n\n\n<p>Dbam, by moje spotkania z Pacjentami przebiega\u0142y w atmosferze pe\u0142nej akceptacji, zrozumienia i poczucia bezpiecze\u0144stwa.&nbsp;<\/p>\n\n\n\n<p>Prowadz\u0119:&nbsp;<br \/>&#8211; Konsultacje psychologiczne<br \/>&#8211; Psychoterapi\u0119 indywidualn\u0105<\/p>\n\n\n\n<p>_________________________________<\/p>\n\n\n\n<p class=\"has-text-align-left\">Telefon kontaktowy <strong>660-994-978<\/strong><\/p>\n\n\n\n<p><\/p>\n","protected":false},"excerpt":{"rendered":"<p>Ilona \u0141ukasik&nbsp;\u2013 psycholog, psychoterapeuta&nbsp; W 2008r. uko\u0144czy\u0142am Psychologi\u0119 na Uniwersytecie Marii Curie-Sk\u0142odowskiej w Lublinie (specjalno\u015b\u0107 kliniczna) oraz Studium Socjoterapii i Treningu Interpersonalnego przy Krakowskim Centrum Psychodynamicznym,&nbsp;rekomendowanym przez Polskie Towarzystwo Psychologiczne (PTP) oraz Polskie Towarzystwo Psychoterapii[&#8230;]<\/p>\n","protected":false},"author":1,"featured_media":0,"parent":0,"menu_order":5,"comment_status":"closed","ping_status":"closed","template":"","meta":{"footnotes":""},"class_list":["post-437","page","type-page","status-publish","hentry"],"_links":{"self":[{"href":"https:\/\/www.kuego.pl\/index.php?rest_route=\/wp\/v2\/pages\/437","targetHints":{"allow":["GET"]}}],"collection":[{"href":"https:\/\/www.kuego.pl\/index.php?rest_route=\/wp\/v2\/pages"}],"about":[{"href":"https:\/\/www.kuego.pl\/index.php?rest_route=\/wp\/v2\/types\/page"}],"author":[{"embeddable":true,"href":"https:\/\/www.kuego.pl\/index.php?rest_route=\/wp\/v2\/users\/1"}],"replies":[{"embeddable":true,"href":"https:\/\/www.kuego.pl\/index.php?rest_route=%2Fwp%2Fv2%2Fcomments&post=437"}],"version-history":[{"count":8,"href":"https:\/\/www.kuego.pl\/index.php?rest_route=\/wp\/v2\/pages\/437\/revisions"}],"predecessor-version":[{"id":455,"href":"https:\/\/www.kuego.pl\/index.php?rest_route=\/wp\/v2\/pages\/437\/revisions\/455"}],"wp:attachment":[{"href":"https:\/\/www.kuego.pl\/index.php?rest_route=%2Fwp%2Fv2%2Fmedia&parent=437"}],"curies":[{"name":"wp","href":"https:\/\/api.w.org\/{rel}","templated":true}]}}